{"id":1419,"date":"2023-10-02T11:02:48","date_gmt":"2023-10-02T11:02:48","guid":{"rendered":"https:\/\/www.casasdacorujeira.pt\/termes-conditions\/"},"modified":"2023-10-02T13:21:42","modified_gmt":"2023-10-02T13:21:42","slug":"termes-conditions","status":"publish","type":"page","link":"https:\/\/www.casasdacorujeira.pt\/fr\/termes-conditions\/","title":{"rendered":"Termes &amp; Conditions"},"content":{"rendered":"\t\t<div data-elementor-type=\"wp-post\" data-elementor-id=\"1419\" class=\"elementor elementor-1419 elementor-563\">\n\t\t\t\t\t\t\t\t\t<section class=\"elementor-section elementor-top-section elementor-element elementor-element-3a3a776 elementor-section-full_width elementor-section-height-min-height elementor-section-height-default elementor-section-items-middle\" data-id=\"3a3a776\" data-element_type=\"section\" data-settings=\"{&quot;background_background&quot;:&quot;classic&quot;}\" data-e-bg-lazyload=\"\">\n\t\t\t\t\t\t\t<div class=\"elementor-background-overlay\"><\/div>\n\t\t\t\t\t\t\t<div class=\"elementor-container elementor-column-gap-default\">\n\t\t\t\t\t<div class=\"elementor-column elementor-col-100 elementor-top-column elementor-element elementor-element-5b0dbb68\" data-id=\"5b0dbb68\" data-element_type=\"column\">\n\t\t\t<div class=\"elementor-widget-wrap elementor-element-populated\">\n\t\t\t\t\t\t\t\t<div class=\"elementor-element elementor-element-522aab72 elementor-widget elementor-widget-spacer\" data-id=\"522aab72\" data-element_type=\"widget\" data-widget_type=\"spacer.default\">\n\t\t\t\t<div class=\"elementor-widget-container\">\n\t\t\t<style>\/*! elementor - v3.13.3 - 28-05-2023 *\/\n.elementor-column .elementor-spacer-inner{height:var(--spacer-size)}.e-con{--container-widget-width:100%}.e-con-inner>.elementor-widget-spacer,.e-con>.elementor-widget-spacer{width:var(--container-widget-width,var(--spacer-size));--align-self:var(--container-widget-align-self,initial);--flex-shrink:0}.e-con-inner>.elementor-widget-spacer>.elementor-widget-container,.e-con-inner>.elementor-widget-spacer>.elementor-widget-container>.elementor-spacer,.e-con>.elementor-widget-spacer>.elementor-widget-container,.e-con>.elementor-widget-spacer>.elementor-widget-container>.elementor-spacer{height:100%}.e-con-inner>.elementor-widget-spacer>.elementor-widget-container>.elementor-spacer>.elementor-spacer-inner,.e-con>.elementor-widget-spacer>.elementor-widget-container>.elementor-spacer>.elementor-spacer-inner{height:var(--container-widget-height,var(--spacer-size))}<\/style>\t\t<div class=\"elementor-spacer\">\n\t\t\t<div class=\"elementor-spacer-inner\"><\/div>\n\t\t<\/div>\n\t\t\t\t<\/div>\n\t\t\t\t<\/div>\n\t\t\t\t<div class=\"elementor-element elementor-element-5a3532ef elementor-view-default elementor-position-top elementor-invisible elementor-widget elementor-widget-themo-header\" data-id=\"5a3532ef\" data-element_type=\"widget\" data-settings=\"{&quot;_animation&quot;:&quot;fadeIn&quot;}\" data-widget_type=\"themo-header.default\">\n\t\t\t\t<div class=\"elementor-widget-container\">\n\t\t\t\t\t<div class=\"th-header-wrap\">\n        <div class=\"elementor-icon-box-wrapper \">\n                            <div class=\"elementor-icon-box-content\">\n                    <h1 class=\"elementor-icon-box-title\">\n                        Termes &amp; Conditions                    <\/h1>\n                                        <p class=\"elementor-icon-box-description\"><\/p>\n\n                                    <\/div>\n            <\/div>\n\n        <\/div>\n\n\t\t\t\t<\/div>\n\t\t\t\t<\/div>\n\t\t\t\t\t<\/div>\n\t\t<\/div>\n\t\t\t\t\t\t\t<\/div>\n\t\t<\/section>\n\t\t\t\t<section class=\"elementor-section elementor-top-section elementor-element elementor-element-4ac5458d elementor-section-boxed elementor-section-height-default elementor-section-height-default\" data-id=\"4ac5458d\" data-element_type=\"section\" data-settings=\"{&quot;background_background&quot;:&quot;classic&quot;}\">\n\t\t\t\t\t\t<div class=\"elementor-container elementor-column-gap-default\">\n\t\t\t\t\t<div class=\"elementor-column elementor-col-100 elementor-top-column elementor-element elementor-element-6e5e63d9\" data-id=\"6e5e63d9\" data-element_type=\"column\">\n\t\t\t<div class=\"elementor-widget-wrap elementor-element-populated\">\n\t\t\t\t\t\t\t\t<div class=\"elementor-element elementor-element-63acaa89 elementor-widget elementor-widget-spacer\" data-id=\"63acaa89\" data-element_type=\"widget\" data-widget_type=\"spacer.default\">\n\t\t\t\t<div class=\"elementor-widget-container\">\n\t\t\t\t\t<div class=\"elementor-spacer\">\n\t\t\t<div class=\"elementor-spacer-inner\"><\/div>\n\t\t<\/div>\n\t\t\t\t<\/div>\n\t\t\t\t<\/div>\n\t\t\t\t<div class=\"elementor-element elementor-element-5fb7412 elementor-widget elementor-widget-text-editor\" data-id=\"5fb7412\" data-element_type=\"widget\" data-widget_type=\"text-editor.default\">\n\t\t\t\t<div class=\"elementor-widget-container\">\n\t\t\t<style>\/*! elementor - v3.13.3 - 28-05-2023 *\/\n.elementor-widget-text-editor.elementor-drop-cap-view-stacked .elementor-drop-cap{background-color:#69727d;color:#fff}.elementor-widget-text-editor.elementor-drop-cap-view-framed .elementor-drop-cap{color:#69727d;border:3px solid;background-color:transparent}.elementor-widget-text-editor:not(.elementor-drop-cap-view-default) .elementor-drop-cap{margin-top:8px}.elementor-widget-text-editor:not(.elementor-drop-cap-view-default) .elementor-drop-cap-letter{width:1em;height:1em}.elementor-widget-text-editor .elementor-drop-cap{float:left;text-align:center;line-height:1;font-size:50px}.elementor-widget-text-editor .elementor-drop-cap-letter{display:inline-block}<\/style>\t\t\t\t<p>Les informations sur ce site sont la propri\u00e9t\u00e9 des <strong>Casas da Corujeira<\/strong>. Le t\u00e9l\u00e9chargement, la reproduction ou la r\u00e9f\u00e9rence totale ou partielle \u00e0 des fins commerciales sont strictement interdits.<\/p><p>L&rsquo;utilisateur de ce site ne peut pas utiliser de logiciel ou d&rsquo;application interf\u00e9rant avec son fonctionnement normal. Vous ne pouvez pas utiliser d&rsquo;application, de m\u00e9canisme automatique ou de processus manuel pour surveiller ou copier les pages sans le consentement pr\u00e9alable et l&rsquo;autorisation des <strong>Casas da Corujeira<\/strong>.<\/p><p>Vous pouvez utiliser des noms d&rsquo;utilisateur et des mots de passe pour acc\u00e9der \u00e0 certains contenus restreints. Le contenu des zones restreintes est confidentiel pour les <strong>Casas da Corujeira<\/strong> et ne peut \u00eatre utilis\u00e9 \u00e0 des fins lucratives ou commerciales.<\/p><p>Le contenu de ce site peut contenir des erreurs ou \u00eatre obsol\u00e8te. Les <strong>Casas da Corujeira<\/strong> peuvent apporter des modifications ou des corrections aux informations publi\u00e9es sans pr\u00e9avis.<\/p><p>L&rsquo;engagement des <strong>Casas da Corujeira<\/strong> est de garantir un service de qualit\u00e9 \u00e0 tous les clients et visiteurs du site, ainsi que de r\u00e9soudre les probl\u00e8mes li\u00e9s \u00e0 leur vie priv\u00e9e.<\/p><h6>Utilisation et accessibilit\u00e9 du site www.casasdacorujeira.pt<\/h6><p>L&rsquo;acc\u00e8s et l&rsquo;utilisation de ce site sont soumis \u00e0 l&rsquo;acceptation automatique et imm\u00e9diate des Conditions d&rsquo;utilisation des <strong>Casas da Corujeira<\/strong>. Si vous n&rsquo;\u00eates pas d&rsquo;accord avec elles, vous devez cesser imm\u00e9diatement d&rsquo;utiliser ce site.<\/p><p>Nous nous r\u00e9servons le droit de modifier les conditions d&rsquo;utilisation et l&rsquo;acc\u00e8s au site www.casasdacorujeira.pt \u00e0 tout moment sans pr\u00e9avis.<\/p><p>La disponibilit\u00e9 de l&rsquo;acc\u00e8s au site peut \u00eatre temporairement ou d\u00e9finitivement suspendue et sans pr\u00e9avis. Bien que nous fassions tout notre possible pour garantir la disponibilit\u00e9 de l&rsquo;acc\u00e8s et l&rsquo;utilisation du site 24 heures sur 24, nous ne sommes pas responsables si, pour quelque raison que ce soit, il n&rsquo;est pas disponible \u00e0 tout moment.<\/p><p>Nous nous r\u00e9servons le droit absolu et sans justification de modifier, supprimer, ajouter ou interrompre une partie du contenu du site. L&rsquo;utilisation et l&rsquo;accessibilit\u00e9 peuvent \u00eatre restreintes sans pr\u00e9avis.<\/p>\t\t\t\t\t\t<\/div>\n\t\t\t\t<\/div>\n\t\t\t\t\t<\/div>\n\t\t<\/div>\n\t\t\t\t\t\t\t<\/div>\n\t\t<\/section>\n\t\t\t\t\t\t\t<\/div>\n\t\t","protected":false},"excerpt":{"rendered":"<p>Termes &amp; Conditions Les informations sur ce site sont la propri\u00e9t\u00e9 des Casas da Corujeira. Le t\u00e9l\u00e9chargement, la reproduction ou la r\u00e9f\u00e9rence totale ou partielle \u00e0 des fins commerciales sont strictement interdits. L&rsquo;utilisateur de ce site ne peut pas utiliser &hellip; <a href=\"https:\/\/www.casasdacorujeira.pt\/fr\/termes-conditions\/\">Read More<\/a><\/p>\n","protected":false},"author":1,"featured_media":0,"parent":0,"menu_order":8,"comment_status":"closed","ping_status":"closed","template":"","meta":{"footnotes":""},"class_list":["post-1419","page","type-page","status-publish","hentry"],"aioseo_notices":[],"_links":{"self":[{"href":"https:\/\/www.casasdacorujeira.pt\/fr\/wp-json\/wp\/v2\/pages\/1419","targetHints":{"allow":["GET"]}}],"collection":[{"href":"https:\/\/www.casasdacorujeira.pt\/fr\/wp-json\/wp\/v2\/pages"}],"about":[{"href":"https:\/\/www.casasdacorujeira.pt\/fr\/wp-json\/wp\/v2\/types\/page"}],"author":[{"embeddable":true,"href":"https:\/\/www.casasdacorujeira.pt\/fr\/wp-json\/wp\/v2\/users\/1"}],"replies":[{"embeddable":true,"href":"https:\/\/www.casasdacorujeira.pt\/fr\/wp-json\/wp\/v2\/comments?post=1419"}],"version-history":[{"count":7,"href":"https:\/\/www.casasdacorujeira.pt\/fr\/wp-json\/wp\/v2\/pages\/1419\/revisions"}],"predecessor-version":[{"id":1434,"href":"https:\/\/www.casasdacorujeira.pt\/fr\/wp-json\/wp\/v2\/pages\/1419\/revisions\/1434"}],"wp:attachment":[{"href":"https:\/\/www.casasdacorujeira.pt\/fr\/wp-json\/wp\/v2\/media?parent=1419"}],"curies":[{"name":"wp","href":"https:\/\/api.w.org\/{rel}","templated":true}]}}