{"id":1423,"date":"2023-10-02T11:27:56","date_gmt":"2023-10-02T11:27:56","guid":{"rendered":"https:\/\/www.casasdacorujeira.pt\/visiter-porto\/"},"modified":"2023-10-02T11:27:56","modified_gmt":"2023-10-02T11:27:56","slug":"visiter-porto","status":"publish","type":"page","link":"https:\/\/www.casasdacorujeira.pt\/fr\/visiter-porto\/","title":{"rendered":"Visiter Porto"},"content":{"rendered":"\t\t<div data-elementor-type=\"wp-post\" data-elementor-id=\"1423\" class=\"elementor elementor-1423 elementor-57\">\n\t\t\t\t\t\t\t\t\t<section class=\"elementor-section elementor-top-section elementor-element elementor-element-6229ba4 elementor-section-full_width elementor-section-height-min-height elementor-section-height-default elementor-section-items-middle\" data-id=\"6229ba4\" data-element_type=\"section\" data-settings=\"{&quot;background_background&quot;:&quot;classic&quot;}\" data-e-bg-lazyload=\"\">\n\t\t\t\t\t\t\t<div class=\"elementor-background-overlay\"><\/div>\n\t\t\t\t\t\t\t<div class=\"elementor-container elementor-column-gap-default\">\n\t\t\t\t\t<div class=\"elementor-column elementor-col-100 elementor-top-column elementor-element elementor-element-1f66876d\" data-id=\"1f66876d\" data-element_type=\"column\">\n\t\t\t<div class=\"elementor-widget-wrap elementor-element-populated\">\n\t\t\t\t\t\t\t\t<div class=\"elementor-element elementor-element-68d1557 elementor-widget elementor-widget-spacer\" data-id=\"68d1557\" data-element_type=\"widget\" data-widget_type=\"spacer.default\">\n\t\t\t\t<div class=\"elementor-widget-container\">\n\t\t\t<style>\/*! elementor - v3.13.3 - 28-05-2023 *\/\n.elementor-column .elementor-spacer-inner{height:var(--spacer-size)}.e-con{--container-widget-width:100%}.e-con-inner>.elementor-widget-spacer,.e-con>.elementor-widget-spacer{width:var(--container-widget-width,var(--spacer-size));--align-self:var(--container-widget-align-self,initial);--flex-shrink:0}.e-con-inner>.elementor-widget-spacer>.elementor-widget-container,.e-con-inner>.elementor-widget-spacer>.elementor-widget-container>.elementor-spacer,.e-con>.elementor-widget-spacer>.elementor-widget-container,.e-con>.elementor-widget-spacer>.elementor-widget-container>.elementor-spacer{height:100%}.e-con-inner>.elementor-widget-spacer>.elementor-widget-container>.elementor-spacer>.elementor-spacer-inner,.e-con>.elementor-widget-spacer>.elementor-widget-container>.elementor-spacer>.elementor-spacer-inner{height:var(--container-widget-height,var(--spacer-size))}<\/style>\t\t<div class=\"elementor-spacer\">\n\t\t\t<div class=\"elementor-spacer-inner\"><\/div>\n\t\t<\/div>\n\t\t\t\t<\/div>\n\t\t\t\t<\/div>\n\t\t\t\t<div class=\"elementor-element elementor-element-321bcc27 elementor-view-default elementor-position-top elementor-invisible elementor-widget elementor-widget-themo-header\" data-id=\"321bcc27\" data-element_type=\"widget\" data-settings=\"{&quot;_animation&quot;:&quot;fadeIn&quot;}\" data-widget_type=\"themo-header.default\">\n\t\t\t\t<div class=\"elementor-widget-container\">\n\t\t\t\t\t<div class=\"th-header-wrap\">\n        <div class=\"elementor-icon-box-wrapper \">\n                            <div class=\"elementor-icon-box-content\">\n                    <h1 class=\"elementor-icon-box-title\">\n                        Visiter Porto                    <\/h1>\n                                        <p class=\"elementor-icon-box-description\"><\/p>\n\n                                    <\/div>\n            <\/div>\n\n        <\/div>\n\n\t\t\t\t<\/div>\n\t\t\t\t<\/div>\n\t\t\t\t\t<\/div>\n\t\t<\/div>\n\t\t\t\t\t\t\t<\/div>\n\t\t<\/section>\n\t\t\t\t<section class=\"elementor-section elementor-top-section elementor-element elementor-element-51204c8d elementor-section-boxed elementor-section-height-default elementor-section-height-default\" data-id=\"51204c8d\" data-element_type=\"section\" data-settings=\"{&quot;background_background&quot;:&quot;classic&quot;}\">\n\t\t\t\t\t\t<div class=\"elementor-container elementor-column-gap-default\">\n\t\t\t\t\t<div class=\"elementor-column elementor-col-100 elementor-top-column elementor-element elementor-element-50ec539c\" data-id=\"50ec539c\" data-element_type=\"column\">\n\t\t\t<div class=\"elementor-widget-wrap elementor-element-populated\">\n\t\t\t\t\t\t\t\t<div class=\"elementor-element elementor-element-183c3c17 elementor-widget elementor-widget-spacer\" data-id=\"183c3c17\" data-element_type=\"widget\" data-widget_type=\"spacer.default\">\n\t\t\t\t<div class=\"elementor-widget-container\">\n\t\t\t\t\t<div class=\"elementor-spacer\">\n\t\t\t<div class=\"elementor-spacer-inner\"><\/div>\n\t\t<\/div>\n\t\t\t\t<\/div>\n\t\t\t\t<\/div>\n\t\t\t\t<div class=\"elementor-element elementor-element-63297780 elementor-view-default elementor-position-top elementor-widget elementor-widget-themo-header\" data-id=\"63297780\" data-element_type=\"widget\" data-widget_type=\"themo-header.default\">\n\t\t\t\t<div class=\"elementor-widget-container\">\n\t\t\t\t\t<div class=\"th-header-wrap\">\n        <div class=\"elementor-icon-box-wrapper \">\n                            <div class=\"elementor-icon-box-content\">\n                    <h2 class=\"elementor-icon-box-title\">\n                        Visiter Porto                    <\/h2>\n                                            <span class=\"th-header-divider\"><\/span>\n                                        <p class=\"elementor-icon-box-description\">Porte d\u2019entr\u00e9e de la r\u00e9gion nord, Porto est une ville antique qui a donn\u00e9 son nom au Portugal et \u00e0 un vin connu aux quatre coins du monde.\n\nAvec un emplacement magnifique pr\u00e8s de l\u2019embouchure du Douro et un complexe architectural d\u2019une valeur exceptionnelle, le centre historique de Porto est un site du patrimoine mondial depuis 1996. C\u2019est la capitale du Nord et la 2\u00e8me ville du pays; Sa population entreprenante, \u00e0 vocation mercantile marqu\u00e9e, a toujours affirm\u00e9 sa volont\u00e9 contre les impositions et les envahisseurs, c\u2019est pourquoi Porto est \u00e9galement connue comme la ville \u00ab invaincue \u00bb.<\/p>\n\n                                    <\/div>\n            <\/div>\n\n        <\/div>\n\n\t\t\t\t<\/div>\n\t\t\t\t<\/div>\n\t\t\t\t<div class=\"elementor-element elementor-element-40b9772e elementor-widget elementor-widget-spacer\" data-id=\"40b9772e\" data-element_type=\"widget\" data-widget_type=\"spacer.default\">\n\t\t\t\t<div class=\"elementor-widget-container\">\n\t\t\t\t\t<div class=\"elementor-spacer\">\n\t\t\t<div class=\"elementor-spacer-inner\"><\/div>\n\t\t<\/div>\n\t\t\t\t<\/div>\n\t\t\t\t<\/div>\n\t\t\t\t\t<\/div>\n\t\t<\/div>\n\t\t\t\t\t\t\t<\/div>\n\t\t<\/section>\n\t\t\t\t<section class=\"elementor-section elementor-top-section elementor-element elementor-element-41cfe23b elementor-section-full_width elementor-section-height-default elementor-section-height-default\" data-id=\"41cfe23b\" data-element_type=\"section\">\n\t\t\t\t\t\t<div class=\"elementor-container elementor-column-gap-no\">\n\t\t\t\t\t<div class=\"elementor-column elementor-col-100 elementor-top-column elementor-element elementor-element-dc0e425\" data-id=\"dc0e425\" data-element_type=\"column\">\n\t\t\t<div class=\"elementor-widget-wrap elementor-element-populated\">\n\t\t\t\t\t\t\t\t<div class=\"elementor-element elementor-element-2649bbfa elementor-arrows-position-inside elementor-widget elementor-widget-image-carousel\" data-id=\"2649bbfa\" data-element_type=\"widget\" data-settings=\"{&quot;slides_to_show&quot;:&quot;4&quot;,&quot;navigation&quot;:&quot;arrows&quot;,&quot;autoplay&quot;:&quot;yes&quot;,&quot;pause_on_hover&quot;:&quot;yes&quot;,&quot;pause_on_interaction&quot;:&quot;yes&quot;,&quot;autoplay_speed&quot;:5000,&quot;infinite&quot;:&quot;yes&quot;,&quot;speed&quot;:500}\" data-widget_type=\"image-carousel.default\">\n\t\t\t\t<div class=\"elementor-widget-container\">\n\t\t\t<style>\/*! elementor - v3.13.3 - 28-05-2023 *\/\n.elementor-widget-image-carousel .swiper,.elementor-widget-image-carousel .swiper-container{position:static}.elementor-widget-image-carousel .swiper-container .swiper-slide figure,.elementor-widget-image-carousel .swiper .swiper-slide figure{line-height:inherit}.elementor-widget-image-carousel .swiper-slide{text-align:center}.elementor-image-carousel-wrapper:not(.swiper-container-initialized):not(.swiper-initialized) .swiper-slide{max-width:calc(100% \/ var(--e-image-carousel-slides-to-show, 3))}<\/style>\t\t<div class=\"elementor-image-carousel-wrapper swiper-container\" dir=\"ltr\">\n\t\t\t<div class=\"elementor-image-carousel swiper-wrapper swiper-image-stretch\">\n\t\t\t\t\t\t\t\t<div class=\"swiper-slide\"><figure class=\"swiper-slide-inner\"><img decoding=\"async\" class=\"swiper-slide-image\" src=\"https:\/\/www.casasdacorujeira.pt\/wp-content\/uploads\/2023\/07\/geral-porto-1.jpg\" alt=\"geral-porto-1\" \/><\/figure><\/div><div class=\"swiper-slide\"><figure class=\"swiper-slide-inner\"><img decoding=\"async\" class=\"swiper-slide-image\" src=\"https:\/\/www.casasdacorujeira.pt\/wp-content\/uploads\/2023\/07\/geral-porto-2.jpg\" alt=\"geral-porto-2\" \/><\/figure><\/div><div class=\"swiper-slide\"><figure class=\"swiper-slide-inner\"><img decoding=\"async\" class=\"swiper-slide-image\" src=\"https:\/\/www.casasdacorujeira.pt\/wp-content\/uploads\/2023\/07\/geral-porto-3.jpg\" alt=\"geral-porto-3\" \/><\/figure><\/div><div class=\"swiper-slide\"><figure class=\"swiper-slide-inner\"><img decoding=\"async\" class=\"swiper-slide-image\" src=\"https:\/\/www.casasdacorujeira.pt\/wp-content\/uploads\/2023\/07\/geral-porto-4.jpg\" alt=\"geral-porto-4\" \/><\/figure><\/div><div class=\"swiper-slide\"><figure class=\"swiper-slide-inner\"><img decoding=\"async\" class=\"swiper-slide-image\" src=\"https:\/\/www.casasdacorujeira.pt\/wp-content\/uploads\/2023\/07\/geral-porto-5.jpg\" alt=\"geral-porto-5\" \/><\/figure><\/div>\t\t\t<\/div>\n\t\t\t\t\t\t\t\t\t\t\t\t\t\t\t\t<div class=\"elementor-swiper-button elementor-swiper-button-prev\" role=\"button\" tabindex=\"0\">\n\t\t\t\t\t\t<i aria-hidden=\"true\" class=\"eicon-chevron-left\"><\/i>\t\t\t\t\t\t<span class=\"elementor-screen-only\">Previous image<\/span>\n\t\t\t\t\t<\/div>\n\t\t\t\t\t<div class=\"elementor-swiper-button elementor-swiper-button-next\" role=\"button\" tabindex=\"0\">\n\t\t\t\t\t\t<i aria-hidden=\"true\" class=\"eicon-chevron-right\"><\/i>\t\t\t\t\t\t<span class=\"elementor-screen-only\">Next image<\/span>\n\t\t\t\t\t<\/div>\n\t\t\t\t\t\t\t\t\t<\/div>\n\t\t\t\t<\/div>\n\t\t\t\t<\/div>\n\t\t\t\t\t<\/div>\n\t\t<\/div>\n\t\t\t\t\t\t\t<\/div>\n\t\t<\/section>\n\t\t\t\t<section class=\"elementor-section elementor-top-section elementor-element elementor-element-4cc723a5 elementor-section-boxed elementor-section-height-default elementor-section-height-default\" data-id=\"4cc723a5\" data-element_type=\"section\" data-settings=\"{&quot;background_background&quot;:&quot;classic&quot;}\">\n\t\t\t\t\t\t<div class=\"elementor-container elementor-column-gap-no\">\n\t\t\t\t\t<div class=\"elementor-column elementor-col-100 elementor-top-column elementor-element elementor-element-10630cc9\" data-id=\"10630cc9\" data-element_type=\"column\">\n\t\t\t<div class=\"elementor-widget-wrap elementor-element-populated\">\n\t\t\t\t\t\t\t\t<div class=\"elementor-element elementor-element-2cea3dce elementor-widget elementor-widget-spacer\" data-id=\"2cea3dce\" data-element_type=\"widget\" data-widget_type=\"spacer.default\">\n\t\t\t\t<div class=\"elementor-widget-container\">\n\t\t\t\t\t<div class=\"elementor-spacer\">\n\t\t\t<div class=\"elementor-spacer-inner\"><\/div>\n\t\t<\/div>\n\t\t\t\t<\/div>\n\t\t\t\t<\/div>\n\t\t\t\t<section class=\"elementor-section elementor-inner-section elementor-element elementor-element-7995437c elementor-section-boxed elementor-section-height-default elementor-section-height-default\" data-id=\"7995437c\" data-element_type=\"section\">\n\t\t\t\t\t\t<div class=\"elementor-container elementor-column-gap-wide\">\n\t\t\t\t\t<div class=\"elementor-column elementor-col-33 elementor-inner-column elementor-element elementor-element-85a301d\" data-id=\"85a301d\" data-element_type=\"column\">\n\t\t\t<div class=\"elementor-widget-wrap elementor-element-populated\">\n\t\t\t\t\t\t\t\t<div class=\"elementor-element elementor-element-56848101 elementor-position-left elementor-view-default elementor-widget elementor-widget-themo-service-block\" data-id=\"56848101\" data-element_type=\"widget\" data-widget_type=\"themo-service-block.default\">\n\t\t\t\t<div class=\"elementor-widget-container\">\n\t\t\t\t\t<div class=\"th-service-block-w\">\n            <div class=\"elementor-icon-box-wrapper th-show-icon\">\n                                    <div class=\"elementor-icon-box-icon th-icon-size-md\">\n                        <span class=\"elementor-icon \" >\n                            <i aria-hidden=\"true\" class=\"th-trip travelpack th-trip travelpack-trifolded-map-route\"><\/i>                        <\/span>\n                    <\/div>\n                                <div class=\"elementor-icon-box-content\">\n                    <h3 class=\"elementor-icon-box-title\">\n                        <span >Pour Visiter<\/span>\n                    <\/h3>\n                    <p class=\"elementor-icon-box-description\"><\/p>\n                <\/div>\n            <\/div>\n\n        <\/div>\n\n\t\t\t\t<\/div>\n\t\t\t\t<\/div>\n\t\t\t\t\t<\/div>\n\t\t<\/div>\n\t\t\t\t<div class=\"elementor-column elementor-col-33 elementor-inner-column elementor-element elementor-element-418cc0b\" data-id=\"418cc0b\" data-element_type=\"column\">\n\t\t\t<div class=\"elementor-widget-wrap elementor-element-populated\">\n\t\t\t\t\t\t\t\t<div class=\"elementor-element elementor-element-11f6e918 elementor-widget elementor-widget-themo-team\" data-id=\"11f6e918\" data-element_type=\"widget\" data-widget_type=\"themo-team.default\">\n\t\t\t\t<div class=\"elementor-widget-container\">\n\t\t\t\n        \t\t<div class=\"th-team-member th-team-style-1\">\n                            <img loading=\"lazy\" decoding=\"async\" width=\"394\" height=\"394\" src=\"https:\/\/www.casasdacorujeira.pt\/wp-content\/uploads\/2023\/07\/a-visitar-bolsa.jpg\" class=\"th-img-stretch\" alt=\"\" \/>            \n\t\t\t<div class=\"th-team-member-content\">\n                                                            <h4 class=\"th-team-member-name\">Pal\u00e1cio da Bolsa<\/h4>\n                                   \t\t\t\t\t\t\t\t\t\t\t\t<div class=\"th-team-member-social\">\n\t\t\t\t\t\t\t\t\t<\/div>\n\t\t\t<\/div>\n\t\t<\/div>\n        \t\t\t\t<\/div>\n\t\t\t\t<\/div>\n\t\t\t\t\t<\/div>\n\t\t<\/div>\n\t\t\t\t<div class=\"elementor-column elementor-col-33 elementor-inner-column elementor-element elementor-element-328a84ff\" data-id=\"328a84ff\" data-element_type=\"column\">\n\t\t\t<div class=\"elementor-widget-wrap elementor-element-populated\">\n\t\t\t\t\t\t\t\t<div class=\"elementor-element elementor-element-10dc115d elementor-widget elementor-widget-themo-team\" data-id=\"10dc115d\" data-element_type=\"widget\" data-widget_type=\"themo-team.default\">\n\t\t\t\t<div class=\"elementor-widget-container\">\n\t\t\t\n        \t\t<div class=\"th-team-member th-team-style-1\">\n                            <img loading=\"lazy\" decoding=\"async\" width=\"394\" height=\"394\" src=\"https:\/\/www.casasdacorujeira.pt\/wp-content\/uploads\/2023\/07\/a-visitar-casa-musica.jpg\" class=\"th-img-stretch\" alt=\"\" \/>            \n\t\t\t<div class=\"th-team-member-content\">\n                                                            <h4 class=\"th-team-member-name\">Casa da M\u00fasica<\/h4>\n                                   \t\t\t\t\t\t\t\t\t\t\t\t<div class=\"th-team-member-social\">\n\t\t\t\t\t\t\t\t\t<\/div>\n\t\t\t<\/div>\n\t\t<\/div>\n        \t\t\t\t<\/div>\n\t\t\t\t<\/div>\n\t\t\t\t\t<\/div>\n\t\t<\/div>\n\t\t\t\t\t\t\t<\/div>\n\t\t<\/section>\n\t\t\t\t<section class=\"elementor-section elementor-inner-section elementor-element elementor-element-7bdad008 elementor-section-boxed elementor-section-height-default elementor-section-height-default\" data-id=\"7bdad008\" data-element_type=\"section\">\n\t\t\t\t\t\t<div class=\"elementor-container elementor-column-gap-wide\">\n\t\t\t\t\t<div class=\"elementor-column elementor-col-33 elementor-inner-column elementor-element elementor-element-342ff924\" data-id=\"342ff924\" data-element_type=\"column\">\n\t\t\t<div class=\"elementor-widget-wrap elementor-element-populated\">\n\t\t\t\t\t\t\t\t<div class=\"elementor-element elementor-element-6fa478e3 elementor-widget elementor-widget-themo-team\" data-id=\"6fa478e3\" data-element_type=\"widget\" data-widget_type=\"themo-team.default\">\n\t\t\t\t<div class=\"elementor-widget-container\">\n\t\t\t\n        \t\t<div class=\"th-team-member th-team-style-1\">\n                            <img loading=\"lazy\" decoding=\"async\" width=\"394\" height=\"394\" src=\"https:\/\/www.casasdacorujeira.pt\/wp-content\/uploads\/2023\/07\/a-visitar-clerigos.jpg\" class=\"th-img-stretch\" alt=\"\" \/>            \n\t\t\t<div class=\"th-team-member-content\">\n                                                            <h4 class=\"th-team-member-name\">Cl\u00e9rigos<\/h4>\n                                   \t\t\t\t\t\t\t\t\t\t\t\t<div class=\"th-team-member-social\">\n\t\t\t\t\t\t\t\t\t<\/div>\n\t\t\t<\/div>\n\t\t<\/div>\n        \t\t\t\t<\/div>\n\t\t\t\t<\/div>\n\t\t\t\t\t<\/div>\n\t\t<\/div>\n\t\t\t\t<div class=\"elementor-column elementor-col-33 elementor-inner-column elementor-element elementor-element-639e93f1\" data-id=\"639e93f1\" data-element_type=\"column\">\n\t\t\t<div class=\"elementor-widget-wrap elementor-element-populated\">\n\t\t\t\t\t\t\t\t<div class=\"elementor-element elementor-element-317053ab elementor-widget elementor-widget-themo-team\" data-id=\"317053ab\" data-element_type=\"widget\" data-widget_type=\"themo-team.default\">\n\t\t\t\t<div class=\"elementor-widget-container\">\n\t\t\t\n        \t\t<div class=\"th-team-member th-team-style-1\">\n                            <img loading=\"lazy\" decoding=\"async\" width=\"394\" height=\"394\" src=\"https:\/\/www.casasdacorujeira.pt\/wp-content\/uploads\/2023\/07\/a-visitar-se.jpg\" class=\"th-img-stretch\" alt=\"\" \/>            \n\t\t\t<div class=\"th-team-member-content\">\n                                                            <h4 class=\"th-team-member-name\">Muralha Fernandina<\/h4>\n                                   \t\t\t\t\t\t\t\t\t\t\t\t<div class=\"th-team-member-social\">\n\t\t\t\t\t\t\t\t\t<\/div>\n\t\t\t<\/div>\n\t\t<\/div>\n        \t\t\t\t<\/div>\n\t\t\t\t<\/div>\n\t\t\t\t\t<\/div>\n\t\t<\/div>\n\t\t\t\t<div class=\"elementor-column elementor-col-33 elementor-inner-column elementor-element elementor-element-4fa9959b\" data-id=\"4fa9959b\" data-element_type=\"column\" data-settings=\"{&quot;background_background&quot;:&quot;classic&quot;}\">\n\t\t\t<div class=\"elementor-widget-wrap elementor-element-populated\">\n\t\t\t\t\t\t\t\t<div class=\"elementor-element elementor-element-31587e14 elementor-widget elementor-widget-themo-team\" data-id=\"31587e14\" data-element_type=\"widget\" data-widget_type=\"themo-team.default\">\n\t\t\t\t<div class=\"elementor-widget-container\">\n\t\t\t\n        \t\t<div class=\"th-team-member th-team-style-1\">\n                            <img loading=\"lazy\" decoding=\"async\" width=\"394\" height=\"394\" src=\"https:\/\/www.casasdacorujeira.pt\/wp-content\/uploads\/2023\/07\/a-visitar-vinho-porto.jpg\" class=\"th-img-stretch\" alt=\"\" \/>            \n\t\t\t<div class=\"th-team-member-content\">\n                                                            <h4 class=\"th-team-member-name\">Caves C\u00e1lem<\/h4>\n                                   \t\t\t\t\t\t\t\t\t\t\t\t<div class=\"th-team-member-social\">\n\t\t\t\t\t\t\t\t\t<\/div>\n\t\t\t<\/div>\n\t\t<\/div>\n        \t\t\t\t<\/div>\n\t\t\t\t<\/div>\n\t\t\t\t\t<\/div>\n\t\t<\/div>\n\t\t\t\t\t\t\t<\/div>\n\t\t<\/section>\n\t\t\t\t<div class=\"elementor-element elementor-element-1481f594 elementor-widget elementor-widget-spacer\" data-id=\"1481f594\" data-element_type=\"widget\" data-widget_type=\"spacer.default\">\n\t\t\t\t<div class=\"elementor-widget-container\">\n\t\t\t\t\t<div class=\"elementor-spacer\">\n\t\t\t<div class=\"elementor-spacer-inner\"><\/div>\n\t\t<\/div>\n\t\t\t\t<\/div>\n\t\t\t\t<\/div>\n\t\t\t\t\t<\/div>\n\t\t<\/div>\n\t\t\t\t\t\t\t<\/div>\n\t\t<\/section>\n\t\t\t\t\t\t\t<\/div>\n\t\t","protected":false},"excerpt":{"rendered":"<p>Visiter Porto Visiter Porto Porte d\u2019entr\u00e9e de la r\u00e9gion nord, Porto est une ville antique qui a donn\u00e9 son nom au Portugal et \u00e0 un vin connu aux quatre coins du monde. Avec un emplacement magnifique pr\u00e8s de l\u2019embouchure du &hellip; <a href=\"https:\/\/www.casasdacorujeira.pt\/fr\/visiter-porto\/\">Read More<\/a><\/p>\n","protected":false},"author":1,"featured_media":0,"parent":0,"menu_order":13,"comment_status":"closed","ping_status":"closed","template":"","meta":{"footnotes":""},"class_list":["post-1423","page","type-page","status-publish","hentry"],"aioseo_notices":[],"_links":{"self":[{"href":"https:\/\/www.casasdacorujeira.pt\/fr\/wp-json\/wp\/v2\/pages\/1423","targetHints":{"allow":["GET"]}}],"collection":[{"href":"https:\/\/www.casasdacorujeira.pt\/fr\/wp-json\/wp\/v2\/pages"}],"about":[{"href":"https:\/\/www.casasdacorujeira.pt\/fr\/wp-json\/wp\/v2\/types\/page"}],"author":[{"embeddable":true,"href":"https:\/\/www.casasdacorujeira.pt\/fr\/wp-json\/wp\/v2\/users\/1"}],"replies":[{"embeddable":true,"href":"https:\/\/www.casasdacorujeira.pt\/fr\/wp-json\/wp\/v2\/comments?post=1423"}],"version-history":[{"count":1,"href":"https:\/\/www.casasdacorujeira.pt\/fr\/wp-json\/wp\/v2\/pages\/1423\/revisions"}],"predecessor-version":[{"id":1424,"href":"https:\/\/www.casasdacorujeira.pt\/fr\/wp-json\/wp\/v2\/pages\/1423\/revisions\/1424"}],"wp:attachment":[{"href":"https:\/\/www.casasdacorujeira.pt\/fr\/wp-json\/wp\/v2\/media?parent=1423"}],"curies":[{"name":"wp","href":"https:\/\/api.w.org\/{rel}","templated":true}]}}