{"id":1425,"date":"2023-10-02T11:46:03","date_gmt":"2023-10-02T11:46:03","guid":{"rendered":"https:\/\/www.casasdacorujeira.pt\/casas-da-corujeira-1\/"},"modified":"2023-10-02T11:46:04","modified_gmt":"2023-10-02T11:46:04","slug":"casas-da-corujeira-1","status":"publish","type":"page","link":"https:\/\/www.casasdacorujeira.pt\/fr\/casas-da-corujeira-1\/","title":{"rendered":"Casas da Corujeira 1"},"content":{"rendered":"\t\t<div data-elementor-type=\"wp-post\" data-elementor-id=\"1425\" class=\"elementor elementor-1425 elementor-449\">\n\t\t\t\t\t\t\t\t\t<section class=\"elementor-section elementor-top-section elementor-element elementor-element-7bab9a13 elementor-section-full_width elementor-section-height-min-height elementor-section-height-default elementor-section-items-middle\" data-id=\"7bab9a13\" data-element_type=\"section\" data-settings=\"{&quot;background_background&quot;:&quot;classic&quot;}\" data-e-bg-lazyload=\"\">\n\t\t\t\t\t\t\t<div class=\"elementor-background-overlay\"><\/div>\n\t\t\t\t\t\t\t<div class=\"elementor-container elementor-column-gap-default\">\n\t\t\t\t\t<div class=\"elementor-column elementor-col-100 elementor-top-column elementor-element elementor-element-17c16241\" data-id=\"17c16241\" data-element_type=\"column\">\n\t\t\t<div class=\"elementor-widget-wrap elementor-element-populated\">\n\t\t\t\t\t\t\t\t<div class=\"elementor-element elementor-element-1d06b4f elementor-view-default elementor-position-top elementor-widget elementor-widget-themo-header\" data-id=\"1d06b4f\" data-element_type=\"widget\" data-widget_type=\"themo-header.default\">\n\t\t\t\t<div class=\"elementor-widget-container\">\n\t\t\t\t\t<div class=\"th-header-wrap\">\n        <div class=\"elementor-icon-box-wrapper \">\n                            <div class=\"elementor-icon-box-content\">\n                    <h1 class=\"elementor-icon-box-title\">\n                        Casas da Corujeira 1                    <\/h1>\n                                        <p class=\"elementor-icon-box-description\"><\/p>\n\n                                    <\/div>\n            <\/div>\n\n        <\/div>\n\n\t\t\t\t<\/div>\n\t\t\t\t<\/div>\n\t\t\t\t\t<\/div>\n\t\t<\/div>\n\t\t\t\t\t\t\t<\/div>\n\t\t<\/section>\n\t\t\t\t<section class=\"elementor-section elementor-top-section elementor-element elementor-element-6e14d97b elementor-section-boxed elementor-section-height-default elementor-section-height-default\" data-id=\"6e14d97b\" data-element_type=\"section\" data-settings=\"{&quot;background_background&quot;:&quot;classic&quot;}\">\n\t\t\t\t\t\t<div class=\"elementor-container elementor-column-gap-default\">\n\t\t\t\t\t<div class=\"elementor-column elementor-col-100 elementor-top-column elementor-element elementor-element-67c1683e\" data-id=\"67c1683e\" data-element_type=\"column\">\n\t\t\t<div class=\"elementor-widget-wrap elementor-element-populated\">\n\t\t\t\t\t\t\t\t<div class=\"elementor-element elementor-element-36484fd4 elementor-view-default elementor-position-top elementor-widget elementor-widget-themo-header\" data-id=\"36484fd4\" data-element_type=\"widget\" data-widget_type=\"themo-header.default\">\n\t\t\t\t<div class=\"elementor-widget-container\">\n\t\t\t\t\t<div class=\"th-header-wrap\">\n        <div class=\"elementor-icon-box-wrapper \">\n                            <div class=\"elementor-icon-box-content\">\n                    <h2 class=\"elementor-icon-box-title\">\n                        Casas da Corujeira 1                    <\/h2>\n                                            <span class=\"th-header-divider\"><\/span>\n                                        <p class=\"elementor-icon-box-description\">Un h\u00e9bergement qui se distingue par le confort et la facilit\u00e9 d\u2019acc\u00e8s! Que ce soit pour un long ou court s\u00e9jour, vous aurez toujours un acc\u00e8s facile aux principales attractions touristiques de la ville de Porto, bien qu\u2019loin de l\u2019agitation de la ville!\n\nAvec un acc\u00e8s rapide et facile aux transports qui vous emm\u00e8neront visiter notre ville fantastique!\n\nEspace r\u00e9cup\u00e9r\u00e9 d\u2019un groupe de maisons construites au 19\u00e8me si\u00e8cle, pour les migrants du nord du pays.\n\nL\u2019\u00eele (commun\u00e9ment appel\u00e9e groupe de maisons \u00e0 Porto) \u00e9tait le b\u00e2tisseur d\u2019une identit\u00e9 commune, un espace de r\u00e9sistance et de socialisation pour les plus pauvres, un lien de familiarit\u00e9 et d\u2019accueil avec des connaissances et des amis.\n\nCette restauration vous permet de profiter d\u2019une atmosph\u00e8re famili\u00e8re et traditionnelle de la ville, combinant l\u2019architecture existante avec un nouveau design, et une meilleure utilisation des espaces int\u00e9rieurs et ext\u00e9rieurs. \n<\/p>\n\n                                    <\/div>\n            <\/div>\n\n        <\/div>\n\n\t\t\t\t<\/div>\n\t\t\t\t<\/div>\n\t\t\t\t\t<\/div>\n\t\t<\/div>\n\t\t\t\t\t\t\t<\/div>\n\t\t<\/section>\n\t\t\t\t<section class=\"elementor-section elementor-top-section elementor-element elementor-element-1d08d973 elementor-section-boxed elementor-section-height-default elementor-section-height-default\" data-id=\"1d08d973\" data-element_type=\"section\" data-settings=\"{&quot;background_background&quot;:&quot;classic&quot;}\">\n\t\t\t\t\t\t<div class=\"elementor-container elementor-column-gap-default\">\n\t\t\t\t\t<div class=\"elementor-column elementor-col-100 elementor-top-column elementor-element elementor-element-361e0e1f\" data-id=\"361e0e1f\" data-element_type=\"column\">\n\t\t\t<div class=\"elementor-widget-wrap elementor-element-populated\">\n\t\t\t\t\t\t\t\t<div class=\"elementor-element elementor-element-7a30dc91 elementor-view-default elementor-position-top elementor-widget elementor-widget-themo-header\" data-id=\"7a30dc91\" data-element_type=\"widget\" data-widget_type=\"themo-header.default\">\n\t\t\t\t<div class=\"elementor-widget-container\">\n\t\t\t\t\t<div class=\"th-header-wrap\">\n        <div class=\"elementor-icon-box-wrapper \">\n                            <div class=\"elementor-icon-box-content\">\n                    <h2 class=\"elementor-icon-box-title\">\n                        NOS MAISONS                    <\/h2>\n                                            <span class=\"th-header-divider\"><\/span>\n                                        <p class=\"elementor-icon-box-description\">Choisissez parmi une vari\u00e9t\u00e9 de styles.<\/p>\n\n                                    <\/div>\n            <\/div>\n\n        <\/div>\n\n\t\t\t\t<\/div>\n\t\t\t\t<\/div>\n\t\t\t\t<div class=\"elementor-element elementor-element-0b8979f elementor-widget elementor-widget-themo-accommodation-grid\" data-id=\"0b8979f\" data-element_type=\"widget\" data-widget_type=\"themo-accommodation-grid.default\">\n\t\t\t\t<div class=\"elementor-widget-container\">\n\t\t\t\n                <div id=\"th-portfolio-content-69fb49725796d\" class=\"th-portfolio\">\n\n            \n            <div id=\"th-portfolio-row\" class=\"th-portfolio-row row portfolio_content  three-columns th-port-gutter\">\n\n                                        <div id=\"post-1427\" class=\"th-portfolio-item item col-md-4 col-sm-6 p-casas-da-corujeira-1-fr post-1427 mphb_room_type type-mphb_room_type status-publish format-standard has-post-thumbnail hentry mphb_room_type_category-casas-da-corujeira-1-fr mphb-room-type-adults-1 mphb-room-type-children-0 \">\n\n                                                        <div class=\"th-port-wrap\">\n                                                            <img loading=\"lazy\" decoding=\"async\" width=\"605\" height=\"605\" src=\"https:\/\/www.casasdacorujeira.pt\/wp-content\/uploads\/2023\/07\/Casa-Foz-thumb.jpg\" class=\"img-responsive th-port-img wp-post-image\" alt=\"\" \/>                                                                <div class=\"th-port-overlay\"><\/div>\n                                <div class=\"th-port-inner\">\n                                                                        <div class=\"th-port-center\">\n                                        <h3 class=\"th-port-title\">Casa Foz<\/h3>\n                                        <p class=\"th-port-sub th-else\">Maison 1 chambre<\/p>\n                                        \n                                                                            <\/div>\n                                    <a href=\"https:\/\/www.casasdacorujeira.pt\/fr\/accommodation\/casa-foz\/\" class=\"th-port-link\" ><\/a>                                <\/div>\n                            <\/div>\n                                                    <\/div>\n                                                <div id=\"post-1435\" class=\"th-portfolio-item item col-md-4 col-sm-6 p-casas-da-corujeira-1-fr post-1435 mphb_room_type type-mphb_room_type status-publish format-standard has-post-thumbnail hentry mphb_room_type_category-casas-da-corujeira-1-fr mphb-room-type-adults-1 mphb-room-type-children-0 \">\n\n                                                        <div class=\"th-port-wrap\">\n                                                            <img loading=\"lazy\" decoding=\"async\" width=\"605\" height=\"605\" src=\"https:\/\/www.casasdacorujeira.pt\/wp-content\/uploads\/2023\/07\/Casa-Se-thumb.jpg\" class=\"img-responsive th-port-img wp-post-image\" alt=\"\" \/>                                                                <div class=\"th-port-overlay\"><\/div>\n                                <div class=\"th-port-inner\">\n                                                                        <div class=\"th-port-center\">\n                                        <h3 class=\"th-port-title\">Casa S\u00e9<\/h3>\n                                        <p class=\"th-port-sub th-else\">Maison 1 chambre<\/p>\n                                        \n                                                                            <\/div>\n                                    <a href=\"https:\/\/www.casasdacorujeira.pt\/fr\/accommodation\/casa-se\/\" class=\"th-port-link\" ><\/a>                                <\/div>\n                            <\/div>\n                                                    <\/div>\n                                                <div id=\"post-1437\" class=\"th-portfolio-item item col-md-4 col-sm-6 p-casas-da-corujeira-1-fr post-1437 mphb_room_type type-mphb_room_type status-publish format-standard has-post-thumbnail hentry mphb_room_type_category-casas-da-corujeira-1-fr mphb-room-type-adults-1 mphb-room-type-children-0 \">\n\n                                                        <div class=\"th-port-wrap\">\n                                                            <img loading=\"lazy\" decoding=\"async\" width=\"605\" height=\"605\" src=\"https:\/\/www.casasdacorujeira.pt\/wp-content\/uploads\/2023\/07\/Casa-Bonfim-thumb.jpg\" class=\"img-responsive th-port-img wp-post-image\" alt=\"\" \/>                                                                <div class=\"th-port-overlay\"><\/div>\n                                <div class=\"th-port-inner\">\n                                                                        <div class=\"th-port-center\">\n                                        <h3 class=\"th-port-title\">Casa Bonfim<\/h3>\n                                        <p class=\"th-port-sub th-else\">Maison avec 1 chambre, cuisine et 1 canap\u00e9 lit<\/p>\n                                        \n                                                                            <\/div>\n                                    <a href=\"https:\/\/www.casasdacorujeira.pt\/fr\/accommodation\/casa-bonfim\/\" class=\"th-port-link\" ><\/a>                                <\/div>\n                            <\/div>\n                                                    <\/div>\n                                                <div id=\"post-1439\" class=\"th-portfolio-item item col-md-4 col-sm-6 p-casas-da-corujeira-1-fr post-1439 mphb_room_type type-mphb_room_type status-publish format-standard has-post-thumbnail hentry mphb_room_type_category-casas-da-corujeira-1-fr mphb-room-type-adults-1 mphb-room-type-children-0 \">\n\n                                                        <div class=\"th-port-wrap\">\n                                                            <img loading=\"lazy\" decoding=\"async\" width=\"605\" height=\"605\" src=\"https:\/\/www.casasdacorujeira.pt\/wp-content\/uploads\/2023\/07\/Casa-Aldoar-thumb.jpg\" class=\"img-responsive th-port-img wp-post-image\" alt=\"\" \/>                                                                <div class=\"th-port-overlay\"><\/div>\n                                <div class=\"th-port-inner\">\n                                                                        <div class=\"th-port-center\">\n                                        <h3 class=\"th-port-title\">Casa Aldoar<\/h3>\n                                        <p class=\"th-port-sub th-else\">Maison avec 1 chambre, cuisine et 1 canap\u00e9 lit<\/p>\n                                        \n                                                                            <\/div>\n                                    <a href=\"https:\/\/www.casasdacorujeira.pt\/fr\/accommodation\/casa-aldoar\/\" class=\"th-port-link\" ><\/a>                                <\/div>\n                            <\/div>\n                                                    <\/div>\n                                                <div id=\"post-1441\" class=\"th-portfolio-item item col-md-4 col-sm-6 p-casas-da-corujeira-1-fr post-1441 mphb_room_type type-mphb_room_type status-publish format-standard has-post-thumbnail hentry mphb_room_type_category-casas-da-corujeira-1-fr mphb-room-type-adults-1 mphb-room-type-children-0 \">\n\n                                                        <div class=\"th-port-wrap\">\n                                                            <img loading=\"lazy\" decoding=\"async\" width=\"605\" height=\"605\" src=\"https:\/\/www.casasdacorujeira.pt\/wp-content\/uploads\/2023\/07\/Casa-Campanha-thumb.jpg\" class=\"img-responsive th-port-img wp-post-image\" alt=\"\" \/>                                                                <div class=\"th-port-overlay\"><\/div>\n                                <div class=\"th-port-inner\">\n                                                                        <div class=\"th-port-center\">\n                                        <h3 class=\"th-port-title\">Casa Campanh\u00e3<\/h3>\n                                        <p class=\"th-port-sub th-else\">Maison avec 1 chambre, cuisine, 2 lits superpos\u00e9s et 1 canap\u00e9 lit<\/p>\n                                        \n                                                                            <\/div>\n                                    <a href=\"https:\/\/www.casasdacorujeira.pt\/fr\/accommodation\/casa-campanha\/\" class=\"th-port-link\" ><\/a>                                <\/div>\n                            <\/div>\n                                                    <\/div>\n                                                <div id=\"post-1443\" class=\"th-portfolio-item item col-md-4 col-sm-6 p-casas-da-corujeira-1-fr post-1443 mphb_room_type type-mphb_room_type status-publish format-standard has-post-thumbnail hentry mphb_room_type_category-casas-da-corujeira-1-fr mphb-room-type-adults-1 mphb-room-type-children-0 \">\n\n                                                        <div class=\"th-port-wrap\">\n                                                            <img loading=\"lazy\" decoding=\"async\" width=\"605\" height=\"605\" src=\"https:\/\/www.casasdacorujeira.pt\/wp-content\/uploads\/2019\/03\/Casa-Paranhos-thumb.jpg\" class=\"img-responsive th-port-img wp-post-image\" alt=\"\" \/>                                                                <div class=\"th-port-overlay\"><\/div>\n                                <div class=\"th-port-inner\">\n                                                                        <div class=\"th-port-center\">\n                                        <h3 class=\"th-port-title\">Casa de Paranhos<\/h3>\n                                        <p class=\"th-port-sub th-else\">Maison avec 1 chambre, cuisine et 1 canap\u00e9 lit<\/p>\n                                        \n                                                                            <\/div>\n                                    <a href=\"https:\/\/www.casasdacorujeira.pt\/fr\/accommodation\/casa-de-paranhos\/\" class=\"th-port-link\" ><\/a>                                <\/div>\n                            <\/div>\n                                                    <\/div>\n                        \n            <\/div>\n\n        <\/div>\n\n        \t\t<\/div>\n\t\t\t\t<\/div>\n\t\t\t\t<div class=\"elementor-element elementor-element-2a0d2392 elementor-widget elementor-widget-spacer\" data-id=\"2a0d2392\" data-element_type=\"widget\" data-widget_type=\"spacer.default\">\n\t\t\t\t<div class=\"elementor-widget-container\">\n\t\t\t<style>\/*! elementor - v3.13.3 - 28-05-2023 *\/\n.elementor-column .elementor-spacer-inner{height:var(--spacer-size)}.e-con{--container-widget-width:100%}.e-con-inner>.elementor-widget-spacer,.e-con>.elementor-widget-spacer{width:var(--container-widget-width,var(--spacer-size));--align-self:var(--container-widget-align-self,initial);--flex-shrink:0}.e-con-inner>.elementor-widget-spacer>.elementor-widget-container,.e-con-inner>.elementor-widget-spacer>.elementor-widget-container>.elementor-spacer,.e-con>.elementor-widget-spacer>.elementor-widget-container,.e-con>.elementor-widget-spacer>.elementor-widget-container>.elementor-spacer{height:100%}.e-con-inner>.elementor-widget-spacer>.elementor-widget-container>.elementor-spacer>.elementor-spacer-inner,.e-con>.elementor-widget-spacer>.elementor-widget-container>.elementor-spacer>.elementor-spacer-inner{height:var(--container-widget-height,var(--spacer-size))}<\/style>\t\t<div class=\"elementor-spacer\">\n\t\t\t<div class=\"elementor-spacer-inner\"><\/div>\n\t\t<\/div>\n\t\t\t\t<\/div>\n\t\t\t\t<\/div>\n\t\t\t\t\t<\/div>\n\t\t<\/div>\n\t\t\t\t\t\t\t<\/div>\n\t\t<\/section>\n\t\t\t\t<section class=\"elementor-section elementor-top-section elementor-element elementor-element-3d169e57 elementor-section-boxed elementor-section-height-default elementor-section-height-default\" data-id=\"3d169e57\" data-element_type=\"section\" data-settings=\"{&quot;background_background&quot;:&quot;classic&quot;}\">\n\t\t\t\t\t\t<div class=\"elementor-container elementor-column-gap-default\">\n\t\t\t\t\t<div class=\"elementor-column elementor-col-100 elementor-top-column elementor-element elementor-element-451016fa\" data-id=\"451016fa\" data-element_type=\"column\">\n\t\t\t<div class=\"elementor-widget-wrap elementor-element-populated\">\n\t\t\t\t\t\t\t\t<div class=\"elementor-element elementor-element-5f528e01 elementor-widget elementor-widget-spacer\" data-id=\"5f528e01\" data-element_type=\"widget\" data-widget_type=\"spacer.default\">\n\t\t\t\t<div class=\"elementor-widget-container\">\n\t\t\t\t\t<div class=\"elementor-spacer\">\n\t\t\t<div class=\"elementor-spacer-inner\"><\/div>\n\t\t<\/div>\n\t\t\t\t<\/div>\n\t\t\t\t<\/div>\n\t\t\t\t\t<\/div>\n\t\t<\/div>\n\t\t\t\t\t\t\t<\/div>\n\t\t<\/section>\n\t\t\t\t\t\t\t<\/div>\n\t\t","protected":false},"excerpt":{"rendered":"<p>Casas da Corujeira\u2026<\/p>\n","protected":false},"author":1,"featured_media":0,"parent":0,"menu_order":3,"comment_status":"closed","ping_status":"closed","template":"","meta":{"footnotes":""},"class_list":["post-1425","page","type-page","status-publish","hentry"],"aioseo_notices":[],"_links":{"self":[{"href":"https:\/\/www.casasdacorujeira.pt\/fr\/wp-json\/wp\/v2\/pages\/1425","targetHints":{"allow":["GET"]}}],"collection":[{"href":"https:\/\/www.casasdacorujeira.pt\/fr\/wp-json\/wp\/v2\/pages"}],"about":[{"href":"https:\/\/www.casasdacorujeira.pt\/fr\/wp-json\/wp\/v2\/types\/page"}],"author":[{"embeddable":true,"href":"https:\/\/www.casasdacorujeira.pt\/fr\/wp-json\/wp\/v2\/users\/1"}],"replies":[{"embeddable":true,"href":"https:\/\/www.casasdacorujeira.pt\/fr\/wp-json\/wp\/v2\/comments?post=1425"}],"version-history":[{"count":1,"href":"https:\/\/www.casasdacorujeira.pt\/fr\/wp-json\/wp\/v2\/pages\/1425\/revisions"}],"predecessor-version":[{"id":1426,"href":"https:\/\/www.casasdacorujeira.pt\/fr\/wp-json\/wp\/v2\/pages\/1425\/revisions\/1426"}],"wp:attachment":[{"href":"https:\/\/www.casasdacorujeira.pt\/fr\/wp-json\/wp\/v2\/media?parent=1425"}],"curies":[{"name":"wp","href":"https:\/\/api.w.org\/{rel}","templated":true}]}}