{"id":2660,"date":"2025-11-17T10:50:35","date_gmt":"2025-11-17T10:50:35","guid":{"rendered":"https:\/\/www.casasdacorujeira.pt\/visite-albufeira\/"},"modified":"2025-11-27T17:35:40","modified_gmt":"2025-11-27T17:35:40","slug":"visitez-albufeira","status":"publish","type":"page","link":"https:\/\/www.casasdacorujeira.pt\/fr\/visitez-albufeira\/","title":{"rendered":"Visitez Albufeira"},"content":{"rendered":"\t\t<div data-elementor-type=\"wp-post\" data-elementor-id=\"2660\" class=\"elementor elementor-2660 elementor-2607\">\n\t\t\t\t\t\t\t\t\t<section class=\"elementor-section elementor-top-section elementor-element elementor-element-6229ba4 elementor-section-full_width elementor-section-height-min-height elementor-section-height-default elementor-section-items-middle\" data-id=\"6229ba4\" data-element_type=\"section\" data-settings=\"{&quot;background_background&quot;:&quot;slideshow&quot;,&quot;background_slideshow_gallery&quot;:[{&quot;id&quot;:2618,&quot;url&quot;:&quot;https:\\\/\\\/www.casasdacorujeira.pt\\\/wp-content\\\/uploads\\\/2025\\\/11\\\/visite-albufeira-01.jpg&quot;},{&quot;id&quot;:2630,&quot;url&quot;:&quot;https:\\\/\\\/www.casasdacorujeira.pt\\\/wp-content\\\/uploads\\\/2025\\\/11\\\/visite-albufeira-05.jpg&quot;},{&quot;id&quot;:2627,&quot;url&quot;:&quot;https:\\\/\\\/www.casasdacorujeira.pt\\\/wp-content\\\/uploads\\\/2025\\\/11\\\/visite-albufeira-04.jpg&quot;},{&quot;id&quot;:2624,&quot;url&quot;:&quot;https:\\\/\\\/www.casasdacorujeira.pt\\\/wp-content\\\/uploads\\\/2025\\\/11\\\/visite-albufeira-03.jpg&quot;},{&quot;id&quot;:2621,&quot;url&quot;:&quot;https:\\\/\\\/www.casasdacorujeira.pt\\\/wp-content\\\/uploads\\\/2025\\\/11\\\/visite-albufeira-02.jpg&quot;}],&quot;background_slideshow_lazyload&quot;:&quot;yes&quot;,&quot;background_slideshow_loop&quot;:&quot;yes&quot;,&quot;background_slideshow_slide_duration&quot;:5000,&quot;background_slideshow_slide_transition&quot;:&quot;fade&quot;,&quot;background_slideshow_transition_duration&quot;:500}\">\n\t\t\t\t\t\t\t<div class=\"elementor-background-overlay\"><\/div>\n\t\t\t\t\t\t\t<div class=\"elementor-container elementor-column-gap-default\">\n\t\t\t\t\t<div class=\"elementor-column elementor-col-100 elementor-top-column elementor-element elementor-element-1f66876d\" data-id=\"1f66876d\" data-element_type=\"column\">\n\t\t\t<div class=\"elementor-widget-wrap elementor-element-populated\">\n\t\t\t\t\t\t\t\t<div class=\"elementor-element elementor-element-68d1557 elementor-widget elementor-widget-spacer\" data-id=\"68d1557\" data-element_type=\"widget\" data-widget_type=\"spacer.default\">\n\t\t\t\t<div class=\"elementor-widget-container\">\n\t\t\t<style>\/*! elementor - v3.13.3 - 28-05-2023 *\/\n.elementor-column .elementor-spacer-inner{height:var(--spacer-size)}.e-con{--container-widget-width:100%}.e-con-inner>.elementor-widget-spacer,.e-con>.elementor-widget-spacer{width:var(--container-widget-width,var(--spacer-size));--align-self:var(--container-widget-align-self,initial);--flex-shrink:0}.e-con-inner>.elementor-widget-spacer>.elementor-widget-container,.e-con-inner>.elementor-widget-spacer>.elementor-widget-container>.elementor-spacer,.e-con>.elementor-widget-spacer>.elementor-widget-container,.e-con>.elementor-widget-spacer>.elementor-widget-container>.elementor-spacer{height:100%}.e-con-inner>.elementor-widget-spacer>.elementor-widget-container>.elementor-spacer>.elementor-spacer-inner,.e-con>.elementor-widget-spacer>.elementor-widget-container>.elementor-spacer>.elementor-spacer-inner{height:var(--container-widget-height,var(--spacer-size))}<\/style>\t\t<div class=\"elementor-spacer\">\n\t\t\t<div class=\"elementor-spacer-inner\"><\/div>\n\t\t<\/div>\n\t\t\t\t<\/div>\n\t\t\t\t<\/div>\n\t\t\t\t<div class=\"elementor-element elementor-element-321bcc27 elementor-view-default elementor-position-top elementor-invisible elementor-widget elementor-widget-themo-header\" data-id=\"321bcc27\" data-element_type=\"widget\" data-settings=\"{&quot;_animation&quot;:&quot;fadeIn&quot;}\" data-widget_type=\"themo-header.default\">\n\t\t\t\t<div class=\"elementor-widget-container\">\n\t\t\t\t\t<div class=\"th-header-wrap\">\n        <div class=\"elementor-icon-box-wrapper \">\n                            <div class=\"elementor-icon-box-content\">\n                    <h1 class=\"elementor-icon-box-title\">\n                        Visitez Albufeira                    <\/h1>\n                                        <p class=\"elementor-icon-box-description\"><\/p>\n\n                                    <\/div>\n            <\/div>\n\n        <\/div>\n\n\t\t\t\t<\/div>\n\t\t\t\t<\/div>\n\t\t\t\t\t<\/div>\n\t\t<\/div>\n\t\t\t\t\t\t\t<\/div>\n\t\t<\/section>\n\t\t\t\t<section class=\"elementor-section elementor-top-section elementor-element elementor-element-51204c8d elementor-section-boxed elementor-section-height-default elementor-section-height-default\" data-id=\"51204c8d\" data-element_type=\"section\" data-settings=\"{&quot;background_background&quot;:&quot;classic&quot;}\">\n\t\t\t\t\t\t<div class=\"elementor-container elementor-column-gap-default\">\n\t\t\t\t\t<div class=\"elementor-column elementor-col-100 elementor-top-column elementor-element elementor-element-50ec539c\" data-id=\"50ec539c\" data-element_type=\"column\">\n\t\t\t<div class=\"elementor-widget-wrap elementor-element-populated\">\n\t\t\t\t\t\t\t\t<div class=\"elementor-element elementor-element-183c3c17 elementor-widget elementor-widget-spacer\" data-id=\"183c3c17\" data-element_type=\"widget\" data-widget_type=\"spacer.default\">\n\t\t\t\t<div class=\"elementor-widget-container\">\n\t\t\t\t\t<div class=\"elementor-spacer\">\n\t\t\t<div class=\"elementor-spacer-inner\"><\/div>\n\t\t<\/div>\n\t\t\t\t<\/div>\n\t\t\t\t<\/div>\n\t\t\t\t<div class=\"elementor-element elementor-element-63297780 elementor-view-default elementor-position-top elementor-widget elementor-widget-themo-header\" data-id=\"63297780\" data-element_type=\"widget\" data-widget_type=\"themo-header.default\">\n\t\t\t\t<div class=\"elementor-widget-container\">\n\t\t\t\t\t<div class=\"th-header-wrap\">\n        <div class=\"elementor-icon-box-wrapper \">\n                            <div class=\"elementor-icon-box-content\">\n                    <h2 class=\"elementor-icon-box-title\">\n                        Visitez Albufeira                    <\/h2>\n                                            <span class=\"th-header-divider\"><\/span>\n                                        <p class=\"elementor-icon-box-description\">Entre plages dor\u00e9es, falaises impressionnantes et un centre historique plein de charme, Albufeira est la destination parfaite pour se d\u00e9tendre et profiter du meilleur de l\u2019Algarve. Explorez des rues pittoresques, savourez la cuisine locale et profitez de journ\u00e9es ensoleill\u00e9es au bord de la mer. Que vous recherchiez l\u2019aventure, le repos ou la d\u00e9tente, Albufeira vous accueille avec le sourire et des moments inoubliables.<\/p>\n\n                                    <\/div>\n            <\/div>\n\n        <\/div>\n\n\t\t\t\t<\/div>\n\t\t\t\t<\/div>\n\t\t\t\t<div class=\"elementor-element elementor-element-40b9772e elementor-widget elementor-widget-spacer\" data-id=\"40b9772e\" data-element_type=\"widget\" data-widget_type=\"spacer.default\">\n\t\t\t\t<div class=\"elementor-widget-container\">\n\t\t\t\t\t<div class=\"elementor-spacer\">\n\t\t\t<div class=\"elementor-spacer-inner\"><\/div>\n\t\t<\/div>\n\t\t\t\t<\/div>\n\t\t\t\t<\/div>\n\t\t\t\t\t<\/div>\n\t\t<\/div>\n\t\t\t\t\t\t\t<\/div>\n\t\t<\/section>\n\t\t\t\t<section class=\"elementor-section elementor-top-section elementor-element elementor-element-41cfe23b elementor-section-full_width elementor-section-height-default elementor-section-height-default\" data-id=\"41cfe23b\" data-element_type=\"section\">\n\t\t\t\t\t\t<div class=\"elementor-container elementor-column-gap-no\">\n\t\t\t\t\t<div class=\"elementor-column elementor-col-100 elementor-top-column elementor-element elementor-element-dc0e425\" data-id=\"dc0e425\" data-element_type=\"column\">\n\t\t\t<div class=\"elementor-widget-wrap elementor-element-populated\">\n\t\t\t\t\t\t\t\t<div class=\"elementor-element elementor-element-2649bbfa elementor-arrows-position-inside elementor-widget elementor-widget-image-carousel\" data-id=\"2649bbfa\" data-element_type=\"widget\" data-settings=\"{&quot;slides_to_show&quot;:&quot;4&quot;,&quot;navigation&quot;:&quot;arrows&quot;,&quot;autoplay&quot;:&quot;yes&quot;,&quot;pause_on_hover&quot;:&quot;yes&quot;,&quot;pause_on_interaction&quot;:&quot;yes&quot;,&quot;autoplay_speed&quot;:5000,&quot;infinite&quot;:&quot;yes&quot;,&quot;speed&quot;:500}\" data-widget_type=\"image-carousel.default\">\n\t\t\t\t<div class=\"elementor-widget-container\">\n\t\t\t<style>\/*! elementor - v3.13.3 - 28-05-2023 *\/\n.elementor-widget-image-carousel .swiper,.elementor-widget-image-carousel .swiper-container{position:static}.elementor-widget-image-carousel .swiper-container .swiper-slide figure,.elementor-widget-image-carousel .swiper .swiper-slide figure{line-height:inherit}.elementor-widget-image-carousel .swiper-slide{text-align:center}.elementor-image-carousel-wrapper:not(.swiper-container-initialized):not(.swiper-initialized) .swiper-slide{max-width:calc(100% \/ var(--e-image-carousel-slides-to-show, 3))}<\/style>\t\t<div class=\"elementor-image-carousel-wrapper swiper-container\" dir=\"ltr\">\n\t\t\t<div class=\"elementor-image-carousel swiper-wrapper swiper-image-stretch\">\n\t\t\t\t\t\t\t\t<div class=\"swiper-slide\"><figure class=\"swiper-slide-inner\"><img decoding=\"async\" class=\"swiper-slide-image\" src=\"https:\/\/www.casasdacorujeira.pt\/wp-content\/uploads\/2025\/11\/visite-albufeira-01-605x465.jpg\" alt=\"visite-albufeira-01\" \/><\/figure><\/div><div class=\"swiper-slide\"><figure class=\"swiper-slide-inner\"><img decoding=\"async\" class=\"swiper-slide-image\" src=\"https:\/\/www.casasdacorujeira.pt\/wp-content\/uploads\/2025\/11\/visite-albufeira-02-605x465.jpg\" alt=\"visite-albufeira-02\" \/><\/figure><\/div><div class=\"swiper-slide\"><figure class=\"swiper-slide-inner\"><img decoding=\"async\" class=\"swiper-slide-image\" src=\"https:\/\/www.casasdacorujeira.pt\/wp-content\/uploads\/2025\/11\/visite-albufeira-03-605x465.jpg\" alt=\"visite-albufeira-03\" \/><\/figure><\/div><div class=\"swiper-slide\"><figure class=\"swiper-slide-inner\"><img decoding=\"async\" class=\"swiper-slide-image\" src=\"https:\/\/www.casasdacorujeira.pt\/wp-content\/uploads\/2025\/11\/visite-albufeira-04-605x465.jpg\" alt=\"visite-albufeira-04\" \/><\/figure><\/div><div class=\"swiper-slide\"><figure class=\"swiper-slide-inner\"><img decoding=\"async\" class=\"swiper-slide-image\" src=\"https:\/\/www.casasdacorujeira.pt\/wp-content\/uploads\/2025\/11\/visite-albufeira-05-605x465.jpg\" alt=\"visite-albufeira-05\" \/><\/figure><\/div>\t\t\t<\/div>\n\t\t\t\t\t\t\t\t\t\t\t\t\t\t\t\t<div class=\"elementor-swiper-button elementor-swiper-button-prev\" role=\"button\" tabindex=\"0\">\n\t\t\t\t\t\t<i aria-hidden=\"true\" class=\"eicon-chevron-left\"><\/i>\t\t\t\t\t\t<span class=\"elementor-screen-only\">Previous image<\/span>\n\t\t\t\t\t<\/div>\n\t\t\t\t\t<div class=\"elementor-swiper-button elementor-swiper-button-next\" role=\"button\" tabindex=\"0\">\n\t\t\t\t\t\t<i aria-hidden=\"true\" class=\"eicon-chevron-right\"><\/i>\t\t\t\t\t\t<span class=\"elementor-screen-only\">Next image<\/span>\n\t\t\t\t\t<\/div>\n\t\t\t\t\t\t\t\t\t<\/div>\n\t\t\t\t<\/div>\n\t\t\t\t<\/div>\n\t\t\t\t\t<\/div>\n\t\t<\/div>\n\t\t\t\t\t\t\t<\/div>\n\t\t<\/section>\n\t\t\t\t<section class=\"elementor-section elementor-top-section elementor-element elementor-element-4cc723a5 visitSection elementor-section-boxed elementor-section-height-default elementor-section-height-default\" data-id=\"4cc723a5\" data-element_type=\"section\" data-settings=\"{&quot;background_background&quot;:&quot;classic&quot;}\">\n\t\t\t\t\t\t<div class=\"elementor-container elementor-column-gap-no\">\n\t\t\t\t\t<div class=\"elementor-column elementor-col-100 elementor-top-column elementor-element elementor-element-10630cc9\" data-id=\"10630cc9\" data-element_type=\"column\">\n\t\t\t<div class=\"elementor-widget-wrap elementor-element-populated\">\n\t\t\t\t\t\t\t\t<div class=\"elementor-element elementor-element-2cea3dce elementor-widget elementor-widget-spacer\" data-id=\"2cea3dce\" data-element_type=\"widget\" data-widget_type=\"spacer.default\">\n\t\t\t\t<div class=\"elementor-widget-container\">\n\t\t\t\t\t<div class=\"elementor-spacer\">\n\t\t\t<div class=\"elementor-spacer-inner\"><\/div>\n\t\t<\/div>\n\t\t\t\t<\/div>\n\t\t\t\t<\/div>\n\t\t\t\t<section class=\"elementor-section elementor-inner-section elementor-element elementor-element-7995437c elementor-section-boxed elementor-section-height-default elementor-section-height-default\" data-id=\"7995437c\" data-element_type=\"section\">\n\t\t\t\t\t\t<div class=\"elementor-container elementor-column-gap-wide\">\n\t\t\t\t\t<div class=\"elementor-column elementor-col-33 elementor-inner-column elementor-element elementor-element-85a301d\" data-id=\"85a301d\" data-element_type=\"column\">\n\t\t\t<div class=\"elementor-widget-wrap elementor-element-populated\">\n\t\t\t\t\t\t\t\t<div class=\"elementor-element elementor-element-56848101 elementor-position-left elementor-view-default elementor-widget elementor-widget-themo-service-block\" data-id=\"56848101\" data-element_type=\"widget\" data-widget_type=\"themo-service-block.default\">\n\t\t\t\t<div class=\"elementor-widget-container\">\n\t\t\t\t\t<div class=\"th-service-block-w\">\n            <div class=\"elementor-icon-box-wrapper th-show-icon\">\n                                    <div class=\"elementor-icon-box-icon th-icon-size-md\">\n                        <span class=\"elementor-icon \" >\n                            <i aria-hidden=\"true\" class=\"th-trip travelpack th-trip travelpack-trifolded-map-route\"><\/i>                        <\/span>\n                    <\/div>\n                                <div class=\"elementor-icon-box-content\">\n                    <h3 class=\"elementor-icon-box-title\">\n                        <span >Pour Visiter<\/span>\n                    <\/h3>\n                    <p class=\"elementor-icon-box-description\"><\/p>\n                <\/div>\n            <\/div>\n\n        <\/div>\n\n\t\t\t\t<\/div>\n\t\t\t\t<\/div>\n\t\t\t\t\t<\/div>\n\t\t<\/div>\n\t\t\t\t<div class=\"elementor-column elementor-col-33 elementor-inner-column elementor-element elementor-element-418cc0b\" data-id=\"418cc0b\" data-element_type=\"column\">\n\t\t\t<div class=\"elementor-widget-wrap elementor-element-populated\">\n\t\t\t\t\t\t\t\t<div class=\"elementor-element elementor-element-11f6e918 elementor-widget elementor-widget-themo-team\" data-id=\"11f6e918\" data-element_type=\"widget\" data-widget_type=\"themo-team.default\">\n\t\t\t\t<div class=\"elementor-widget-container\">\n\t\t\t\n        \t\t<div class=\"th-team-member th-team-style-1\">\n                            <img loading=\"lazy\" decoding=\"async\" width=\"394\" height=\"394\" src=\"https:\/\/www.casasdacorujeira.pt\/wp-content\/uploads\/2025\/11\/visite-albufeira-01-394x394.jpg\" class=\"th-img-stretch\" alt=\"\" \/>            \n\t\t\t<div class=\"th-team-member-content\">\n                                                            <h4 class=\"th-team-member-name\">Praia da Fal\u00e9sia<\/h4>\n                                   \t\t\t\t\t\t\t\t\t\t\t\t\t<div class=\"th-team-member-text\">L\u2019une des plus belles plages du Portugal, connue pour ses falaises rouge\u00e2tres et ses longues \u00e9tendues de sable. Id\u00e9ale pour les promenades et pour ceux qui recherchent un cadre naturel impressionnant.<\/div>\n\t\t\t\t\t\t\t\t<div class=\"th-team-member-social\">\n\t\t\t\t\t\t\t\t\t<\/div>\n\t\t\t<\/div>\n\t\t<\/div>\n        \t\t\t\t<\/div>\n\t\t\t\t<\/div>\n\t\t\t\t\t<\/div>\n\t\t<\/div>\n\t\t\t\t<div class=\"elementor-column elementor-col-33 elementor-inner-column elementor-element elementor-element-328a84ff\" data-id=\"328a84ff\" data-element_type=\"column\" data-settings=\"{&quot;background_background&quot;:&quot;classic&quot;}\">\n\t\t\t<div class=\"elementor-widget-wrap elementor-element-populated\">\n\t\t\t\t\t\t\t\t<div class=\"elementor-element elementor-element-10dc115d elementor-widget elementor-widget-themo-team\" data-id=\"10dc115d\" data-element_type=\"widget\" data-widget_type=\"themo-team.default\">\n\t\t\t\t<div class=\"elementor-widget-container\">\n\t\t\t\n        \t\t<div class=\"th-team-member th-team-style-1\">\n                            <img loading=\"lazy\" decoding=\"async\" width=\"394\" height=\"394\" src=\"https:\/\/www.casasdacorujeira.pt\/wp-content\/uploads\/2025\/11\/visite-albufeira-02-394x394.jpg\" class=\"th-img-stretch\" alt=\"\" \/>            \n\t\t\t<div class=\"th-team-member-content\">\n                                                            <h4 class=\"th-team-member-name\">Centre historique d\u2019Albufeira<\/h4>\n                                   \t\t\t\t\t\t\t\t\t\t\t\t\t<div class=\"th-team-member-text\">Ruelles traditionnelles, maisons blanchies \u00e0 la chaux, place anim\u00e9e et vues sur la baie. Un m\u00e9lange d\u2019histoire, de gastronomie et d\u2019une atmosph\u00e8re d\u00e9tendue.<\/div>\n\t\t\t\t\t\t\t\t<div class=\"th-team-member-social\">\n\t\t\t\t\t\t\t\t\t<\/div>\n\t\t\t<\/div>\n\t\t<\/div>\n        \t\t\t\t<\/div>\n\t\t\t\t<\/div>\n\t\t\t\t\t<\/div>\n\t\t<\/div>\n\t\t\t\t\t\t\t<\/div>\n\t\t<\/section>\n\t\t\t\t<section class=\"elementor-section elementor-inner-section elementor-element elementor-element-7bdad008 elementor-section-boxed elementor-section-height-default elementor-section-height-default\" data-id=\"7bdad008\" data-element_type=\"section\">\n\t\t\t\t\t\t<div class=\"elementor-container elementor-column-gap-wide\">\n\t\t\t\t\t<div class=\"elementor-column elementor-col-33 elementor-inner-column elementor-element elementor-element-342ff924\" data-id=\"342ff924\" data-element_type=\"column\">\n\t\t\t<div class=\"elementor-widget-wrap elementor-element-populated\">\n\t\t\t\t\t\t\t\t<div class=\"elementor-element elementor-element-6fa478e3 elementor-widget elementor-widget-themo-team\" data-id=\"6fa478e3\" data-element_type=\"widget\" data-widget_type=\"themo-team.default\">\n\t\t\t\t<div class=\"elementor-widget-container\">\n\t\t\t\n        \t\t<div class=\"th-team-member th-team-style-1\">\n                            <img loading=\"lazy\" decoding=\"async\" width=\"394\" height=\"394\" src=\"https:\/\/www.casasdacorujeira.pt\/wp-content\/uploads\/2025\/11\/visite-albufeira-03-394x394.jpg\" class=\"th-img-stretch\" alt=\"\" \/>            \n\t\t\t<div class=\"th-team-member-content\">\n                                                            <h4 class=\"th-team-member-name\">Plage de S\u00e3o Rafael<\/h4>\n                                   \t\t\t\t\t\t\t\t\t\t\t\t\t<div class=\"th-team-member-text\">Une plage entour\u00e9e de formations rocheuses uniques et d\u2019une eau cristalline. Id\u00e9ale pour le snorkeling et pour ceux qui pr\u00e9f\u00e8rent des endroits plus calmes.<\/div>\n\t\t\t\t\t\t\t\t<div class=\"th-team-member-social\">\n\t\t\t\t\t\t\t\t\t<\/div>\n\t\t\t<\/div>\n\t\t<\/div>\n        \t\t\t\t<\/div>\n\t\t\t\t<\/div>\n\t\t\t\t\t<\/div>\n\t\t<\/div>\n\t\t\t\t<div class=\"elementor-column elementor-col-33 elementor-inner-column elementor-element elementor-element-639e93f1\" data-id=\"639e93f1\" data-element_type=\"column\">\n\t\t\t<div class=\"elementor-widget-wrap elementor-element-populated\">\n\t\t\t\t\t\t\t\t<div class=\"elementor-element elementor-element-317053ab elementor-widget elementor-widget-themo-team\" data-id=\"317053ab\" data-element_type=\"widget\" data-widget_type=\"themo-team.default\">\n\t\t\t\t<div class=\"elementor-widget-container\">\n\t\t\t\n        \t\t<div class=\"th-team-member th-team-style-1\">\n                            <img loading=\"lazy\" decoding=\"async\" width=\"394\" height=\"394\" src=\"https:\/\/www.casasdacorujeira.pt\/wp-content\/uploads\/2025\/11\/visite-albufeira-04-394x394.jpg\" class=\"th-img-stretch\" alt=\"\" \/>            \n\t\t\t<div class=\"th-team-member-content\">\n                                                            <h4 class=\"th-team-member-name\">Marina d&#039;Albufeira<\/h4>\n                                   \t\t\t\t\t\t\t\t\t\t\t\t\t<div class=\"th-team-member-text\">Point de d\u00e9part pour des excursions en bateau, l\u2019observation des dauphins et la visite des grottes le long de la c\u00f4te de l\u2019Algarve. Une zone moderne avec restaurants et activit\u00e9s.<\/div>\n\t\t\t\t\t\t\t\t<div class=\"th-team-member-social\">\n\t\t\t\t\t\t\t\t\t<\/div>\n\t\t\t<\/div>\n\t\t<\/div>\n        \t\t\t\t<\/div>\n\t\t\t\t<\/div>\n\t\t\t\t\t<\/div>\n\t\t<\/div>\n\t\t\t\t<div class=\"elementor-column elementor-col-33 elementor-inner-column elementor-element elementor-element-4fa9959b\" data-id=\"4fa9959b\" data-element_type=\"column\" data-settings=\"{&quot;background_background&quot;:&quot;classic&quot;}\">\n\t\t\t<div class=\"elementor-widget-wrap elementor-element-populated\">\n\t\t\t\t\t\t\t\t<div class=\"elementor-element elementor-element-31587e14 elementor-widget elementor-widget-themo-team\" data-id=\"31587e14\" data-element_type=\"widget\" data-widget_type=\"themo-team.default\">\n\t\t\t\t<div class=\"elementor-widget-container\">\n\t\t\t\n        \t\t<div class=\"th-team-member th-team-style-1\">\n                            <img loading=\"lazy\" decoding=\"async\" width=\"394\" height=\"394\" src=\"https:\/\/www.casasdacorujeira.pt\/wp-content\/uploads\/2025\/11\/visite-albufeira-05-394x394.jpg\" class=\"th-img-stretch\" alt=\"\" \/>            \n\t\t\t<div class=\"th-team-member-content\">\n                                                            <h4 class=\"th-team-member-name\">Grottes de l\u2019Algarve<\/h4>\n                                   \t\t\t\t\t\t\t\t\t<h5 class=\"th-team-member-title\">Benagil et c\u00f4te d\u2019Albufeira<\/h5>\n\t\t\t\t\t\t\t\t\t\t\t\t\t<div class=\"th-team-member-text\">Une exp\u00e9rience embl\u00e9matique de l\u2019Algarve : excursions en bateau le long des falaises, avec des arr\u00eats dans des grottes impressionnantes, dont celle de Benagil.<\/div>\n\t\t\t\t\t\t\t\t<div class=\"th-team-member-social\">\n\t\t\t\t\t\t\t\t\t<\/div>\n\t\t\t<\/div>\n\t\t<\/div>\n        \t\t\t\t<\/div>\n\t\t\t\t<\/div>\n\t\t\t\t\t<\/div>\n\t\t<\/div>\n\t\t\t\t\t\t\t<\/div>\n\t\t<\/section>\n\t\t\t\t<div class=\"elementor-element elementor-element-1481f594 elementor-widget elementor-widget-spacer\" data-id=\"1481f594\" data-element_type=\"widget\" data-widget_type=\"spacer.default\">\n\t\t\t\t<div class=\"elementor-widget-container\">\n\t\t\t\t\t<div class=\"elementor-spacer\">\n\t\t\t<div class=\"elementor-spacer-inner\"><\/div>\n\t\t<\/div>\n\t\t\t\t<\/div>\n\t\t\t\t<\/div>\n\t\t\t\t\t<\/div>\n\t\t<\/div>\n\t\t\t\t\t\t\t<\/div>\n\t\t<\/section>\n\t\t\t\t\t\t\t<\/div>\n\t\t","protected":false},"excerpt":{"rendered":"<p>Visitez Albufeira Visitez Albufeira Entre plages dor\u00e9es, falaises impressionnantes et un centre historique plein de charme, Albufeira est la destination parfaite pour se d\u00e9tendre et profiter du meilleur de l\u2019Algarve. Explorez des rues pittoresques, savourez la cuisine locale et profitez &hellip; <a href=\"https:\/\/www.casasdacorujeira.pt\/fr\/visitez-albufeira\/\">Read More<\/a><\/p>\n","protected":false},"author":1,"featured_media":0,"parent":0,"menu_order":13,"comment_status":"closed","ping_status":"closed","template":"","meta":{"footnotes":""},"class_list":["post-2660","page","type-page","status-publish","hentry"],"aioseo_notices":[],"_links":{"self":[{"href":"https:\/\/www.casasdacorujeira.pt\/fr\/wp-json\/wp\/v2\/pages\/2660","targetHints":{"allow":["GET"]}}],"collection":[{"href":"https:\/\/www.casasdacorujeira.pt\/fr\/wp-json\/wp\/v2\/pages"}],"about":[{"href":"https:\/\/www.casasdacorujeira.pt\/fr\/wp-json\/wp\/v2\/types\/page"}],"author":[{"embeddable":true,"href":"https:\/\/www.casasdacorujeira.pt\/fr\/wp-json\/wp\/v2\/users\/1"}],"replies":[{"embeddable":true,"href":"https:\/\/www.casasdacorujeira.pt\/fr\/wp-json\/wp\/v2\/comments?post=2660"}],"version-history":[{"count":5,"href":"https:\/\/www.casasdacorujeira.pt\/fr\/wp-json\/wp\/v2\/pages\/2660\/revisions"}],"predecessor-version":[{"id":2674,"href":"https:\/\/www.casasdacorujeira.pt\/fr\/wp-json\/wp\/v2\/pages\/2660\/revisions\/2674"}],"wp:attachment":[{"href":"https:\/\/www.casasdacorujeira.pt\/fr\/wp-json\/wp\/v2\/media?parent=2660"}],"curies":[{"name":"wp","href":"https:\/\/api.w.org\/{rel}","templated":true}]}}