{"id":2676,"date":"2025-11-17T09:52:37","date_gmt":"2025-11-17T09:52:37","guid":{"rendered":"https:\/\/www.casasdacorujeira.pt\/casas-de-corujeira-3\/"},"modified":"2025-11-27T17:40:44","modified_gmt":"2025-11-27T17:40:44","slug":"casas-de-corujeira-3","status":"publish","type":"page","link":"https:\/\/www.casasdacorujeira.pt\/fr\/casas-de-corujeira-3\/","title":{"rendered":"Casas da Corujeira 3"},"content":{"rendered":"\t\t<div data-elementor-type=\"wp-post\" data-elementor-id=\"2676\" class=\"elementor elementor-2676 elementor-2554\">\n\t\t\t\t\t\t\t\t\t<section class=\"elementor-section elementor-top-section elementor-element elementor-element-7bab9a13 elementor-section-full_width elementor-section-height-min-height elementor-section-height-default elementor-section-items-middle\" data-id=\"7bab9a13\" data-element_type=\"section\" data-settings=\"{&quot;background_background&quot;:&quot;classic&quot;}\" data-e-bg-lazyload=\"\">\n\t\t\t\t\t\t\t<div class=\"elementor-background-overlay\"><\/div>\n\t\t\t\t\t\t\t<div class=\"elementor-container elementor-column-gap-default\">\n\t\t\t\t\t<div class=\"elementor-column elementor-col-100 elementor-top-column elementor-element elementor-element-17c16241\" data-id=\"17c16241\" data-element_type=\"column\">\n\t\t\t<div class=\"elementor-widget-wrap elementor-element-populated\">\n\t\t\t\t\t\t\t\t<div class=\"elementor-element elementor-element-1d06b4f elementor-view-default elementor-position-top elementor-widget elementor-widget-themo-header\" data-id=\"1d06b4f\" data-element_type=\"widget\" data-widget_type=\"themo-header.default\">\n\t\t\t\t<div class=\"elementor-widget-container\">\n\t\t\t\t\t<div class=\"th-header-wrap\">\n        <div class=\"elementor-icon-box-wrapper \">\n                            <div class=\"elementor-icon-box-content\">\n                    <h1 class=\"elementor-icon-box-title\">\n                        Casas da Corujeira 3                    <\/h1>\n                                        <p class=\"elementor-icon-box-description\">Maison avec 3 chambres, toutes avec salle de bain privative et lit double, une autre petite chambre avec un lit superpos\u00e9, piscine, cuisine \u00e9quip\u00e9e et terrasse avec vue sur la mer. Tr\u00e8s proche de la plage.<\/p>\n\n                                    <\/div>\n            <\/div>\n\n        <\/div>\n\n\t\t\t\t<\/div>\n\t\t\t\t<\/div>\n\t\t\t\t\t<\/div>\n\t\t<\/div>\n\t\t\t\t\t\t\t<\/div>\n\t\t<\/section>\n\t\t\t\t<section class=\"elementor-section elementor-top-section elementor-element elementor-element-6e14d97b elementor-section-boxed elementor-section-height-default elementor-section-height-default\" data-id=\"6e14d97b\" data-element_type=\"section\" data-settings=\"{&quot;background_background&quot;:&quot;classic&quot;}\">\n\t\t\t\t\t\t<div class=\"elementor-container elementor-column-gap-default\">\n\t\t\t\t\t<div class=\"elementor-column elementor-col-100 elementor-top-column elementor-element elementor-element-67c1683e\" data-id=\"67c1683e\" data-element_type=\"column\">\n\t\t\t<div class=\"elementor-widget-wrap elementor-element-populated\">\n\t\t\t\t\t\t\t\t<div class=\"elementor-element elementor-element-36484fd4 elementor-view-default elementor-position-top elementor-widget elementor-widget-themo-header\" data-id=\"36484fd4\" data-element_type=\"widget\" data-widget_type=\"themo-header.default\">\n\t\t\t\t<div class=\"elementor-widget-container\">\n\t\t\t\t\t<div class=\"th-header-wrap\">\n        <div class=\"elementor-icon-box-wrapper \">\n                            <div class=\"elementor-icon-box-content\">\n                    <h2 class=\"elementor-icon-box-title\">\n                        Casas da Corujeira 3                    <\/h2>\n                                            <span class=\"th-header-divider\"><\/span>\n                                        <p class=\"elementor-icon-box-description\">Situ\u00e9e \u00e0 Olhos de \u00c1gua, \u00e0 seulement 700 m\u00e8tres de la plage, la Casa da Corujeira est l'endroit id\u00e9al pour ceux qui recherchent confort, intimit\u00e9 et des moments inoubliables en famille ou entre amis.\n\nAvec trois chambres spacieuses, une d\u00e9coration moderne et une atmosph\u00e8re d\u00e9tendue, cette maison de vacances combine le charme de l\u2019Algarve avec toutes les commodit\u00e9s n\u00e9cessaires pour un s\u00e9jour parfait. Profitez d'une cuisine enti\u00e8rement \u00e9quip\u00e9e, de coins d\u00e9tente chaleureux et d\u2019un espace ext\u00e9rieur id\u00e9al pour se relaxer apr\u00e8s une journ\u00e9e de soleil et de mer.\n\nLa proximit\u00e9 des plages, des restaurants et des commerces locaux vous permet de profiter du meilleur d\u2019Albufeira en toute commodit\u00e9, sans perdre la tranquillit\u00e9 d\u2019un environnement r\u00e9sidentiel.\n\nQue ce soit pour des vacances en famille, une escapade entre amis ou simplement pour se reposer et recharger les batteries, la Casa da Corujeira vous invite \u00e0 vous sentir comme chez vous, avec la touche sp\u00e9ciale de l\u2019Algarve.\n<\/p>\n\n                                    <\/div>\n            <\/div>\n\n        <\/div>\n\n\t\t\t\t<\/div>\n\t\t\t\t<\/div>\n\t\t\t\t<div class=\"elementor-element elementor-element-e162fd0 elementor-view-default elementor-position-top elementor-widget elementor-widget-themo-header\" data-id=\"e162fd0\" data-element_type=\"widget\" data-widget_type=\"themo-header.default\">\n\t\t\t\t<div class=\"elementor-widget-container\">\n\t\t\t\t\t<div class=\"th-header-wrap\">\n        <div class=\"elementor-icon-box-wrapper \">\n                            <div class=\"elementor-icon-box-content\">\n                    <h3 class=\"elementor-icon-box-title\">\n                                            <\/h3>\n                                        <p class=\"elementor-icon-box-description\"><\/p>\n\n                                            <div class=\"th-btn-wrap\">\n                                                            <a class=\"btn-1 btn th-btn btn-standard-primary\" href=\"https:\/\/securept3.e-gds.com\/CasasdaCorujeira\/\">\n                                                                            R\u00e9server                                                                    <\/a>\n                            \n                                                    <\/div>\n                                    <\/div>\n            <\/div>\n\n        <\/div>\n\n\t\t\t\t<\/div>\n\t\t\t\t<\/div>\n\t\t\t\t\t<\/div>\n\t\t<\/div>\n\t\t\t\t\t\t\t<\/div>\n\t\t<\/section>\n\t\t\t\t\t\t\t<\/div>\n\t\t","protected":false},"excerpt":{"rendered":"<p>Casas da Corujeira 3 Maison avec 3 chambres, toutes avec salle de bain privative et lit double, une autre petite chambre avec un lit superpos\u00e9, piscine, cuisine \u00e9quip\u00e9e et terrasse avec vue sur la mer. Tr\u00e8s proche de la plage. &hellip; <a href=\"https:\/\/www.casasdacorujeira.pt\/fr\/casas-de-corujeira-3\/\">Read More<\/a><\/p>\n","protected":false},"author":1,"featured_media":0,"parent":0,"menu_order":3,"comment_status":"closed","ping_status":"closed","template":"","meta":{"footnotes":""},"class_list":["post-2676","page","type-page","status-publish","hentry"],"aioseo_notices":[],"_links":{"self":[{"href":"https:\/\/www.casasdacorujeira.pt\/fr\/wp-json\/wp\/v2\/pages\/2676","targetHints":{"allow":["GET"]}}],"collection":[{"href":"https:\/\/www.casasdacorujeira.pt\/fr\/wp-json\/wp\/v2\/pages"}],"about":[{"href":"https:\/\/www.casasdacorujeira.pt\/fr\/wp-json\/wp\/v2\/types\/page"}],"author":[{"embeddable":true,"href":"https:\/\/www.casasdacorujeira.pt\/fr\/wp-json\/wp\/v2\/users\/1"}],"replies":[{"embeddable":true,"href":"https:\/\/www.casasdacorujeira.pt\/fr\/wp-json\/wp\/v2\/comments?post=2676"}],"version-history":[{"count":7,"href":"https:\/\/www.casasdacorujeira.pt\/fr\/wp-json\/wp\/v2\/pages\/2676\/revisions"}],"predecessor-version":[{"id":2693,"href":"https:\/\/www.casasdacorujeira.pt\/fr\/wp-json\/wp\/v2\/pages\/2676\/revisions\/2693"}],"wp:attachment":[{"href":"https:\/\/www.casasdacorujeira.pt\/fr\/wp-json\/wp\/v2\/media?parent=2676"}],"curies":[{"name":"wp","href":"https:\/\/api.w.org\/{rel}","templated":true}]}}